{"id":2143,"date":"2022-05-02T14:20:20","date_gmt":"2022-05-02T14:20:20","guid":{"rendered":"https:\/\/www.maeshoogwerkers.com\/offres-demploi\/"},"modified":"2022-05-03T07:39:11","modified_gmt":"2022-05-03T07:39:11","slug":"offres-demploi","status":"publish","type":"page","link":"https:\/\/www.maeshoogwerkers.com\/fr\/offres-demploi\/","title":{"rendered":"Offres d&#8217;emploi"},"content":{"rendered":"<p>[et_pb_section fb_built=\u00a0\u00bb1&Prime; _builder_version=\u00a0\u00bb4.14.2&Prime; _dynamic_attributes=\u00a0\u00bbbackground_image\u00a0\u00bb _module_preset=\u00a0\u00bbdefault\u00a0\u00bb background_color=\u00a0\u00bbrgba(0,0,0,0.6)\u00a0\u00bb background_image=\u00a0\u00bb@ET-DC@eyJkeW5hbWljIjp0cnVlLCJjb250ZW50IjoicG9zdF9mZWF0dXJlZF9pbWFnZSIsInNldHRpbmdzIjp7fX0=@\u00a0\u00bb background_blend=\u00a0\u00bboverlay\u00a0\u00bb locked=\u00a0\u00bboff\u00a0\u00bb global_colors_info=\u00a0\u00bb{}\u00a0\u00bb][et_pb_row _builder_version=\u00a0\u00bb4.14.2&Prime; _module_preset=\u00a0\u00bbdefault\u00a0\u00bb custom_margin=\u00a0\u00bb0px||||false|false\u00a0\u00bb custom_margin_tablet=\u00a0\u00bb50px||||false|false\u00a0\u00bb custom_margin_phone=\u00a0\u00bb0px||||false|false\u00a0\u00bb custom_margin_last_edited=\u00a0\u00bboff|desktop\u00a0\u00bb global_colors_info=\u00a0\u00bb{}\u00a0\u00bb][et_pb_column type=\u00a0\u00bb4_4&Prime; _builder_version=\u00a0\u00bb4.14.2&Prime; _module_preset=\u00a0\u00bbdefault\u00a0\u00bb global_colors_info=\u00a0\u00bb{}\u00a0\u00bb][et_pb_text _builder_version=\u00a0\u00bb4.14.2&Prime; _module_preset=\u00a0\u00bbdefault\u00a0\u00bb header_font_size=\u00a0\u00bb40px\u00a0\u00bb background_layout=\u00a0\u00bbdark\u00a0\u00bb custom_margin=\u00a0\u00bb||0px||false|false\u00a0\u00bb custom_padding=\u00a0\u00bb||0px||false|false\u00a0\u00bb header_font_size_tablet=\u00a0\u00bb30px\u00a0\u00bb header_font_size_phone=\u00a0\u00bb25px\u00a0\u00bb header_font_size_last_edited=\u00a0\u00bbon|phone\u00a0\u00bb global_colors_info=\u00a0\u00bb{}\u00a0\u00bb]<\/p>\n<h1>Travailler chez Maes<\/h1>\n<p>[\/et_pb_text][et_pb_text module_id=\u00a0\u00bbmaes-heading\u00a0\u00bb _builder_version=\u00a0\u00bb4.14.2&Prime; _module_preset=\u00a0\u00bbdefault\u00a0\u00bb header_text_color=\u00a0\u00bb#FFFFFF\u00a0\u00bb header_font_size=\u00a0\u00bb65px\u00a0\u00bb header_2_text_color=\u00a0\u00bb#FFFFFF\u00a0\u00bb background_layout=\u00a0\u00bbdark\u00a0\u00bb header_font_size_tablet=\u00a0\u00bb50px\u00a0\u00bb header_font_size_phone=\u00a0\u00bb40px\u00a0\u00bb header_font_size_last_edited=\u00a0\u00bbon|phone\u00a0\u00bb header_2_font_size_tablet=\u00a0\u00bb\u00a0\u00bb header_2_font_size_phone=\u00a0\u00bb25px\u00a0\u00bb header_2_font_size_last_edited=\u00a0\u00bbon|tablet\u00a0\u00bb global_colors_info=\u00a0\u00bb{}\u00a0\u00bb]<nav  aria-label=\"Fil d&#039;Ariane\"><ol class=\"breadcrumb\" itemscope itemtype=\"https:\/\/schema.org\/BreadcrumbList\"><li class=\"breadcrumb-item active\" aria-current=\"page\" itemprop=\"itemListElement\" itemscope itemtype=\"https:\/\/schema.org\/ListItem\"><span itemprop=\"name\">Accueil<\/span><meta itemprop=\"position\" content=\"1\"><\/li><\/ol><\/nav>[\/et_pb_text][\/et_pb_column][\/et_pb_row][\/et_pb_section][et_pb_section fb_built=\u00a0\u00bb1&Prime; _builder_version=\u00a0\u00bb4.14.2&Prime; _module_preset=\u00a0\u00bbdefault\u00a0\u00bb background_color=\u00a0\u00bb#f9f9f9&Prime; use_background_color_gradient=\u00a0\u00bbon\u00a0\u00bb background_color_gradient_start=\u00a0\u00bb#f9f9f9&Prime; background_color_gradient_end=\u00a0\u00bb#ffffff\u00a0\u00bb top_divider_color=\u00a0\u00bb#f9f9f9&Prime; top_divider_height=\u00a0\u00bb50px\u00a0\u00bb global_colors_info=\u00a0\u00bb{}\u00a0\u00bb][et_pb_row _builder_version=\u00a0\u00bb4.14.2&Prime; _module_preset=\u00a0\u00bbdefault\u00a0\u00bb global_colors_info=\u00a0\u00bb{}\u00a0\u00bb][et_pb_column type=\u00a0\u00bb4_4&Prime; _builder_version=\u00a0\u00bb4.14.2&Prime; _module_preset=\u00a0\u00bbdefault\u00a0\u00bb global_colors_info=\u00a0\u00bb{}\u00a0\u00bb][et_pb_text _builder_version=\u00a0\u00bb4.14.2&Prime; _module_preset=\u00a0\u00bbdefault\u00a0\u00bb global_colors_info=\u00a0\u00bb{}\u00a0\u00bb]<\/p>\n<h2>Nos offres d&#8217;emploi<\/h2>\n<p>[\/et_pb_text][et_pb_blog fullwidth=\u00a0\u00bboff\u00a0\u00bb post_type=\u00a0\u00bbvacature\u00a0\u00bb posts_number=\u00a0\u00bb30&Prime; show_author=\u00a0\u00bboff\u00a0\u00bb show_date=\u00a0\u00bboff\u00a0\u00bb show_categories=\u00a0\u00bboff\u00a0\u00bb _builder_version=\u00a0\u00bb4.14.7&Prime; _module_preset=\u00a0\u00bbdefault\u00a0\u00bb header_level=\u00a0\u00bbh3&Prime; header_font_size=\u00a0\u00bb18px\u00a0\u00bb border_radii=\u00a0\u00bbon|6px|6px|6px|6px\u00a0\u00bb border_width_all=\u00a0\u00bb0px\u00a0\u00bb box_shadow_style=\u00a0\u00bbpreset3&Prime; global_colors_info=\u00a0\u00bb{}\u00a0\u00bb][\/et_pb_blog][\/et_pb_column][\/et_pb_row][\/et_pb_section][et_pb_section fb_built=\u00a0\u00bb1&Prime; next_background_color=\u00a0\u00bb#ffffff\u00a0\u00bb _builder_version=\u00a0\u00bb4.14.2&Prime; _module_preset=\u00a0\u00bbdefault\u00a0\u00bb background_color=\u00a0\u00bb#ED1C24&Prime; background_color_gradient_start=\u00a0\u00bb#ed1c24&Prime; background_color_gradient_end=\u00a0\u00bbrgba(237,28,36,0.7)\u00a0\u00bb background_color_gradient_direction=\u00a0\u00bb90deg\u00a0\u00bb background_enable_image=\u00a0\u00bboff\u00a0\u00bb custom_margin=\u00a0\u00bb||0px||false|false\u00a0\u00bb custom_padding=\u00a0\u00bb||0px||false|false\u00a0\u00bb top_divider_style=\u00a0\u00bbslant\u00a0\u00bb top_divider_color=\u00a0\u00bb#FFFFFF\u00a0\u00bb top_divider_height=\u00a0\u00bb50px\u00a0\u00bb top_divider_flip=\u00a0\u00bbhorizontal\u00a0\u00bb bottom_divider_style=\u00a0\u00bbslant\u00a0\u00bb bottom_divider_height=\u00a0\u00bb50px\u00a0\u00bb bottom_divider_flip=\u00a0\u00bbhorizontal\u00a0\u00bb locked=\u00a0\u00bboff\u00a0\u00bb global_colors_info=\u00a0\u00bb{}\u00a0\u00bb][et_pb_row column_structure=\u00a0\u00bb1_2,1_2&Prime; make_equal=\u00a0\u00bbon\u00a0\u00bb _builder_version=\u00a0\u00bb4.14.2&Prime; _module_preset=\u00a0\u00bbdefault\u00a0\u00bb custom_margin=\u00a0\u00bb||0px||false|false\u00a0\u00bb custom_padding=\u00a0\u00bb||0px||false|false\u00a0\u00bb global_colors_info=\u00a0\u00bb{}\u00a0\u00bb][et_pb_column type=\u00a0\u00bb1_2&Prime; _builder_version=\u00a0\u00bb4.14.2&Prime; _module_preset=\u00a0\u00bbdefault\u00a0\u00bb custom_padding=\u00a0\u00bb50px||100px||false|false\u00a0\u00bb global_colors_info=\u00a0\u00bb{}\u00a0\u00bb][et_pb_text _builder_version=\u00a0\u00bb4.14.7&Prime; _module_preset=\u00a0\u00bbdefault\u00a0\u00bb link_font=\u00a0\u00bb||||on|||#FFFFFF|\u00a0\u00bb link_text_color=\u00a0\u00bb#FFFFFF\u00a0\u00bb background_layout=\u00a0\u00bbdark\u00a0\u00bb global_colors_info=\u00a0\u00bb{}\u00a0\u00bb]<\/p>\n<h2 class=\"no-border\">Offres d&#8217;emploi chez Maes Hoogwerkers &amp; Montaco<\/h2>\n<p>En tant que leader du levage et de la hauteur, nous recherchons r\u00e9guli\u00e8rement de nouveaux collaborateurs. Nous recherchons des profils techniques ainsi que du personnel administratif. Nous avons de la place pour des personnes de diff\u00e9rents horizons et de diff\u00e9rentes formations. L&rsquo;exp\u00e9rience n&rsquo;est g\u00e9n\u00e9ralement pas une exigence, nous aimons former des personnes ayant la bonne attitude au travail.<\/p>\n<p>Avez-vous des questions? Contactez les RH :<\/p>\n<p><strong><a href=\"tel:003234661504\">03 466 15 04<\/a> ou <a href=\"mailto:personeelsdienst@groepmaes.com\">personeelsdienst@groepmaes.com<\/a><\/strong>[\/et_pb_text][\/et_pb_column][et_pb_column type=\u00a0\u00bb1_2&Prime; _builder_version=\u00a0\u00bb4.14.2&Prime; _module_preset=\u00a0\u00bbdefault\u00a0\u00bb custom_css_main_element=\u00a0\u00bbdisplay: flex;||flex-direction: column;||justify-content: space-between;\u00a0\u00bb global_colors_info=\u00a0\u00bb{}\u00a0\u00bb][et_pb_number_counter title=\u00a0\u00bbOffres d&#8217;emploi\u00a0\u00bb number=\u00a0\u00bb6&Prime; percent_sign=\u00a0\u00bboff\u00a0\u00bb _builder_version=\u00a0\u00bb4.14.7&Prime; _module_preset=\u00a0\u00bbdefault\u00a0\u00bb title_text_color=\u00a0\u00bb#FFFFFF\u00a0\u00bb number_font=\u00a0\u00bb|700|||||||\u00a0\u00bb number_text_color=\u00a0\u00bb#FFFFFF\u00a0\u00bb global_colors_info=\u00a0\u00bb{}\u00a0\u00bb][\/et_pb_number_counter][et_pb_image src=\u00a0\u00bbhttps:\/\/www.maeshoogwerkers.com\/wp-content\/uploads\/davidplas_69547_uitgeknipt.png\u00a0\u00bb alt=\u00a0\u00bbDans le panier\u00a0\u00bb title_text=\u00a0\u00bbDans le panier\u00a0\u00bb show_bottom_space=\u00a0\u00bboff\u00a0\u00bb _builder_version=\u00a0\u00bb4.14.2&Prime; _module_preset=\u00a0\u00bbdefault\u00a0\u00bb position_origin_a=\u00a0\u00bbbottom_right\u00a0\u00bb width=\u00a0\u00bb100%\u00a0\u00bb custom_margin=\u00a0\u00bb||0px||false|false\u00a0\u00bb custom_padding=\u00a0\u00bb||0px||false|false\u00a0\u00bb global_colors_info=\u00a0\u00bb{}\u00a0\u00bb][\/et_pb_image][\/et_pb_column][\/et_pb_row][\/et_pb_section][et_pb_section fb_built=\u00a0\u00bb1&Prime; _builder_version=\u00a0\u00bb4.14.2&Prime; _module_preset=\u00a0\u00bbdefault\u00a0\u00bb global_colors_info=\u00a0\u00bb{}\u00a0\u00bb][et_pb_row _builder_version=\u00a0\u00bb4.14.2&Prime; _module_preset=\u00a0\u00bbdefault\u00a0\u00bb global_colors_info=\u00a0\u00bb{}\u00a0\u00bb][et_pb_column type=\u00a0\u00bb4_4&Prime; _builder_version=\u00a0\u00bb4.14.2&Prime; _module_preset=\u00a0\u00bbdefault\u00a0\u00bb global_colors_info=\u00a0\u00bb{}\u00a0\u00bb][et_pb_text _builder_version=\u00a0\u00bb4.14.2&Prime; _module_preset=\u00a0\u00bbdefault\u00a0\u00bb global_colors_info=\u00a0\u00bb{}\u00a0\u00bb]<\/p>\n<h2>Nos collaborateurs ont la parole<\/h2>\n<p>[\/et_pb_text][\/et_pb_column][\/et_pb_row][et_pb_row column_structure=\u00a0\u00bb2_5,3_5&Prime; _builder_version=\u00a0\u00bb4.14.2&Prime; _module_preset=\u00a0\u00bbdefault\u00a0\u00bb global_colors_info=\u00a0\u00bb{}\u00a0\u00bb][et_pb_column type=\u00a0\u00bb2_5&Prime; _builder_version=\u00a0\u00bb4.14.2&Prime; _module_preset=\u00a0\u00bbdefault\u00a0\u00bb global_colors_info=\u00a0\u00bb{}\u00a0\u00bb][et_pb_image src=\u00a0\u00bbhttps:\/\/www.maeshoogwerkers.com\/wp-content\/uploads\/IMG_3340_bewerkt_resized2.jpg\u00a0\u00bb alt=\u00a0\u00bbOp\u00e9rateur grue mobile \u00e0 tour\u00a0\u00bb title_text=\u00a0\u00bbOp\u00e9rateur grue mobile \u00e0 tour\u00a0\u00bb _builder_version=\u00a0\u00bb4.14.7&Prime; _module_preset=\u00a0\u00bbdefault\u00a0\u00bb border_radii=\u00a0\u00bbon|6px|6px|6px|6px\u00a0\u00bb global_colors_info=\u00a0\u00bb{}\u00a0\u00bb][\/et_pb_image][\/et_pb_column][et_pb_column type=\u00a0\u00bb3_5&Prime; _builder_version=\u00a0\u00bb4.14.2&Prime; _module_preset=\u00a0\u00bbdefault\u00a0\u00bb global_colors_info=\u00a0\u00bb{}\u00a0\u00bb][et_pb_text _builder_version=\u00a0\u00bb4.14.7&Prime; _module_preset=\u00a0\u00bbdefault\u00a0\u00bb text_font_size=\u00a0\u00bb16px\u00a0\u00bb text_line_height=\u00a0\u00bb1.8em\u00a0\u00bb custom_margin=\u00a0\u00bb||10px||false|false\u00a0\u00bb global_colors_info=\u00a0\u00bb{}\u00a0\u00bb]<\/p>\n<h3><span style=\"color: #999999;\">RAF<\/span><\/h3>\n<p><i class=\"fas fa-user-clock red\"><\/i> Travaille chez Montaco <strong>depuis 17 ans<\/strong><br \/>\n<i class=\"fas fa-wrench red\"><\/i> Op\u00e9rateur <strong>grue mobile \u00e0 tour AT6-60 m<\/strong>[\/et_pb_text][et_pb_text _builder_version=\u00a0\u00bb4.14.7&Prime; _module_preset=\u00a0\u00bbdefault\u00a0\u00bb global_colors_info=\u00a0\u00bb{}\u00a0\u00bb]\u201cJe m&rsquo;appelle Raf et je travaille comme grutier chez Montaco depuis 2004. Aujourd&rsquo;hui, je soul\u00e8ve des charges avec une grue \u00e0 tour mobile AT6-60m, mais dans le pass\u00e9, j&rsquo;ai \u00e9galement travaill\u00e9 avec des grues sur camion. La vari\u00e9t\u00e9 est le plus grand atout de mon travail. Je travaille chaque jour dans un endroit diff\u00e9rent et je rencontre de nouvelles personnes. Une semaine je travaille de longues journ\u00e9es, mais la semaine suivante j&rsquo;ai un jour de repos en semaine. Aucun jour ne se ressemble.<\/p>\n<p>Faire ce qu\u2019on aime est important pour moi. J&rsquo;ai la chance de pouvoir combiner mon travail et ma passion. J&rsquo;\u00e9prouve de la satisfaction \u00e0 faire du bon travail et \u00e0 rendre les clients heureux.\u201d[\/et_pb_text][\/et_pb_column][\/et_pb_row][et_pb_row column_structure=\u00a0\u00bb2_5,3_5&Prime; _builder_version=\u00a0\u00bb4.14.2&Prime; _module_preset=\u00a0\u00bbdefault\u00a0\u00bb global_colors_info=\u00a0\u00bb{}\u00a0\u00bb][et_pb_column type=\u00a0\u00bb2_5&Prime; _builder_version=\u00a0\u00bb4.14.2&Prime; _module_preset=\u00a0\u00bbdefault\u00a0\u00bb global_colors_info=\u00a0\u00bb{}\u00a0\u00bb][et_pb_image src=\u00a0\u00bbhttps:\/\/www.maeshoogwerkers.com\/wp-content\/uploads\/BILD0440_b-scaled.jpg\u00a0\u00bb alt=\u00a0\u00bbOp\u00e9rateur nacelle \u00e9l\u00e9vatrice sur camion\u00a0\u00bb title_text=\u00a0\u00bbOp\u00e9rateur nacelle \u00e9l\u00e9vatrice sur camion\u00a0\u00bb _builder_version=\u00a0\u00bb4.14.7&Prime; _module_preset=\u00a0\u00bbdefault\u00a0\u00bb border_radii=\u00a0\u00bbon|6px|6px|6px|6px\u00a0\u00bb global_colors_info=\u00a0\u00bb{}\u00a0\u00bb][\/et_pb_image][\/et_pb_column][et_pb_column type=\u00a0\u00bb3_5&Prime; _builder_version=\u00a0\u00bb4.14.2&Prime; _module_preset=\u00a0\u00bbdefault\u00a0\u00bb global_colors_info=\u00a0\u00bb{}\u00a0\u00bb][et_pb_text _builder_version=\u00a0\u00bb4.14.8&Prime; _module_preset=\u00a0\u00bbdefault\u00a0\u00bb text_font_size=\u00a0\u00bb16px\u00a0\u00bb text_line_height=\u00a0\u00bb1.8em\u00a0\u00bb custom_margin=\u00a0\u00bb||10px||false|false\u00a0\u00bb hover_enabled=\u00a0\u00bb0&Prime; global_colors_info=\u00a0\u00bb{}\u00a0\u00bb sticky_enabled=\u00a0\u00bb0&Prime;]<\/p>\n<h3><span style=\"color: #999999;\">Rudy<\/span><\/h3>\n<p><i class=\"fas fa-user-clock red\"><\/i> Travaille chez Maes Hoogwerkers <strong>depuis 9 jaar<\/strong><br \/>\n<i class=\"fas fa-wrench red\"><\/i> <strong>Op\u00e9rateur nacelle \u00e9l\u00e9vatrice sur camion de 45 \u00e0 103 m\u00e8tres<\/strong>[\/et_pb_text][et_pb_text _builder_version=\u00a0\u00bb4.14.7&Prime; _module_preset=\u00a0\u00bbdefault\u00a0\u00bb global_colors_info=\u00a0\u00bb{}\u00a0\u00bb]\u201cJe m&rsquo;appelle Rudy, j&rsquo;ai 53 ans et je travaille chez Maes El\u00e9vateurs depuis 9 ans. J&rsquo;ai un dipl\u00f4me A2 en \u00e9lectronique-t\u00e9l\u00e9communications. Cela s&rsquo;av\u00e8re souvent utile car on a besoin de connaissances techniques pour installer nos nacelles \u00e9l\u00e9vatrices correctement et en toute s\u00e9curit\u00e9. Je n&rsquo;aime pas travailler dans l&rsquo;enceinte d&rsquo;une usine, j&rsquo;ai donc choisi un travail vari\u00e9 et \u00e0 responsabilit\u00e9s. Chez Maes El\u00e9vateurs, j&rsquo;ai d&rsquo;abord appris \u00e0 utiliser les petites nacelles \u00e9l\u00e9vatrices en toute s\u00e9curit\u00e9 et, au fil des ann\u00e9es, j&rsquo;ai \u00e9galement appris \u00e0 utiliser les plus grosses machines. Maintenant, je suis g\u00e9n\u00e9ralement sur la route avec la 103m ou une 90m.<\/p>\n<p>L&rsquo;\u00e9t\u00e9, je passe r\u00e9guli\u00e8rement quelques semaines en France pour y inspecter des parcs \u00e9oliens. Nous y passons la nuit dans des h\u00f4tels. A l&rsquo;\u00e9tranger, nous avons aussi souvent des spectateurs locaux. Ce sont des machines sp\u00e9ciales avec lesquelles nous travaillons. En hiver, je passe une journ\u00e9e sur le site d&rsquo;une entreprise chimique \u00e0 Anvers, le lendemain dans une \u00e9glise, une antenne de t\u00e9l\u00e9phonie mobile, un ch\u00e2teau d&rsquo;eau ou un immeuble de grande hauteur. C&rsquo;est toujours quelque chose de diff\u00e9rent. Nous montons toujours avec notre client et si n\u00e9cessaire nous aidons aux travaux. Nous veillons \u00e0 ce qu&rsquo;il puisse effectuer son travail en toute s\u00e9curit\u00e9. Nous travaillons parfois de longues journ\u00e9es, mais elles sont correctement r\u00e9mun\u00e9r\u00e9es. Ma famille aime comme c\u2019est. Mes enfants pensent que j&rsquo;ai un travail \u00ab\u00a0cool\u00a0\u00bb. Ma fille en a parl\u00e9 lors d\u2019une \u00e9locution. C\u2019est cool, n\u2019est-ce pas?\u00a0\u00bb[\/et_pb_text][\/et_pb_column][\/et_pb_row][et_pb_row column_structure=\u00a0\u00bb2_5,3_5&Prime; _builder_version=\u00a0\u00bb4.14.2&Prime; _module_preset=\u00a0\u00bbdefault\u00a0\u00bb global_colors_info=\u00a0\u00bb{}\u00a0\u00bb][et_pb_column type=\u00a0\u00bb2_5&Prime; _builder_version=\u00a0\u00bb4.14.2&Prime; _module_preset=\u00a0\u00bbdefault\u00a0\u00bb global_colors_info=\u00a0\u00bb{}\u00a0\u00bb][et_pb_image src=\u00a0\u00bbhttps:\/\/www.maeshoogwerkers.com\/wp-content\/uploads\/DSCN0234_.jpg\u00a0\u00bb alt=\u00a0\u00bbOp\u00e9rateur \u00e9l\u00e9vateur araign\u00e9e\u00a0\u00bb title_text=\u00a0\u00bbOp\u00e9rateur \u00e9l\u00e9vateur araign\u00e9e\u00a0\u00bb _builder_version=\u00a0\u00bb4.14.7&Prime; _module_preset=\u00a0\u00bbdefault\u00a0\u00bb border_radii=\u00a0\u00bbon|6px|6px|6px|6px\u00a0\u00bb global_colors_info=\u00a0\u00bb{}\u00a0\u00bb][\/et_pb_image][\/et_pb_column][et_pb_column type=\u00a0\u00bb3_5&Prime; _builder_version=\u00a0\u00bb4.14.2&Prime; _module_preset=\u00a0\u00bbdefault\u00a0\u00bb global_colors_info=\u00a0\u00bb{}\u00a0\u00bb][et_pb_text _builder_version=\u00a0\u00bb4.14.7&Prime; _module_preset=\u00a0\u00bbdefault\u00a0\u00bb text_font_size=\u00a0\u00bb16px\u00a0\u00bb text_line_height=\u00a0\u00bb1.8em\u00a0\u00bb custom_margin=\u00a0\u00bb||10px||false|false\u00a0\u00bb global_colors_info=\u00a0\u00bb{}\u00a0\u00bb]<\/p>\n<h3><span style=\"color: #999999;\">Michiel<\/span><\/h3>\n<p><i class=\"fas fa-user-clock red\"><\/i> Travaille chez Maes Hoogwerkers <strong>depuis 24 ans<\/strong><br \/>\n<i class=\"fas fa-wrench red\"><\/i> <strong>Op\u00e9rateur \u00e9l\u00e9vateur araign\u00e9e<\/strong>[\/et_pb_text][et_pb_text _builder_version=\u00a0\u00bb4.14.7&Prime; _module_preset=\u00a0\u00bbdefault\u00a0\u00bb global_colors_info=\u00a0\u00bb{}\u00a0\u00bb]\u201cJe m&rsquo;appelle Michiel et je travaille chez Maes El\u00e9vateurs depuis 24 ans. Je travaille entre autres avec les &lsquo;araign\u00e9es&rsquo;. Avant de commencer \u00e0 travailler chez Maes El\u00e9vateurs, je n&rsquo;avais jamais entendu parler d&rsquo;un \u00e9l\u00e9vateur araign\u00e9e ! Je suis tellement content d&rsquo;avoir d\u00e9couvert ce m\u00e9tier, il offre beaucoup de vari\u00e9t\u00e9. Les \u00e9l\u00e9vateurs araign\u00e9es sont des nacelles \u00e9l\u00e9vatrices sur chenilles. Nous les utilisons dans des endroits inaccessibles avec les nacelles \u00e9l\u00e9vatrices sur camion. Jetez un coup d\u2019\u0153il sur les photos.<\/p>\n<p>Nous devons toujours d&rsquo;abord examiner le terrain pour trouver le meilleur chemin vers le travail (j&rsquo;ai toujours mes bottes avec moi), mais c&rsquo;est ce qui est bien avec le travail. Toujours quelque chose de diff\u00e9rent. En g\u00e9n\u00e9ral, les travaux sont toujours bien pr\u00e9par\u00e9s, car un planificateur de travail regarde g\u00e9n\u00e9ralement d&rsquo;abord le travail. Mais nous faisons toujours nous-m\u00eames un LMRA (Last Minute Risk Analysis), car on est bien s\u00fbr responsable de sa propre s\u00e9curit\u00e9 et \u00e9galement de celle de son client qui monte!<\/p>\n<p>Les clients sont g\u00e9n\u00e9ralement tr\u00e8s satisfaits lorsqu&rsquo;ils peuvent effectuer leur travail en toute s\u00e9curit\u00e9. Les journ\u00e9es sont parfois longues, mais c\u2019est aussi un salaire sup\u00e9rieur \u00e0 la moyenne. J&rsquo;ai \u00e9galement trouv\u00e9 un excellent groupe de coll\u00e8gues chez Maes El\u00e9vateurs. Il arrive que nous devons remplacer quelqu\u2019un et alors il faut pouvoir compter les uns sur les autres. J&rsquo;ai d\u00e9j\u00e0 une certaine exp\u00e9rience et j&rsquo;aime aider mes coll\u00e8gues lorsqu&rsquo;ils ont besoin de conseils. Au d\u00e9but, je pensais que j&rsquo;apprendrais \u00e7a en quelques semaines, mais c&rsquo;est incroyable ce que ce travail implique. Chaque terrain et chaque machine a ses propres caract\u00e9ristiques et possibilit\u00e9s.\u201d[\/et_pb_text][\/et_pb_column][\/et_pb_row][et_pb_row column_structure=\u00a0\u00bb2_5,3_5&Prime; _builder_version=\u00a0\u00bb4.14.2&Prime; _module_preset=\u00a0\u00bbdefault\u00a0\u00bb global_colors_info=\u00a0\u00bb{}\u00a0\u00bb][et_pb_column type=\u00a0\u00bb2_5&Prime; _builder_version=\u00a0\u00bb4.14.2&Prime; _module_preset=\u00a0\u00bbdefault\u00a0\u00bb global_colors_info=\u00a0\u00bb{}\u00a0\u00bb][et_pb_image src=\u00a0\u00bbhttps:\/\/www.maeshoogwerkers.com\/wp-content\/uploads\/DSC7656-bewerkt-1.jpg\u00a0\u00bb alt=\u00a0\u00bbOp\u00e9rateur grue sur camion\u00a0\u00bb title_text=\u00a0\u00bbOp\u00e9rateur grue sur camion\u00a0\u00bb _builder_version=\u00a0\u00bb4.14.7&Prime; _module_preset=\u00a0\u00bbdefault\u00a0\u00bb border_radii=\u00a0\u00bbon|6px|6px|6px|6px\u00a0\u00bb global_colors_info=\u00a0\u00bb{}\u00a0\u00bb][\/et_pb_image][\/et_pb_column][et_pb_column type=\u00a0\u00bb3_5&Prime; _builder_version=\u00a0\u00bb4.14.2&Prime; _module_preset=\u00a0\u00bbdefault\u00a0\u00bb global_colors_info=\u00a0\u00bb{}\u00a0\u00bb][et_pb_text _builder_version=\u00a0\u00bb4.14.7&Prime; _module_preset=\u00a0\u00bbdefault\u00a0\u00bb text_font_size=\u00a0\u00bb16px\u00a0\u00bb text_line_height=\u00a0\u00bb1.8em\u00a0\u00bb custom_margin=\u00a0\u00bb||10px||false|false\u00a0\u00bb global_colors_info=\u00a0\u00bb{}\u00a0\u00bb]<\/p>\n<h3><span style=\"color: #999999;\">Bart<\/span><\/h3>\n<p><i class=\"fas fa-user-clock red\"><\/i> Travaille chez Montaco <strong>depuis 10 ans<\/strong><br \/>\n<i class=\"fas fa-wrench red\"><\/i> <strong>Op\u00e9rateur grue sur camion<\/strong>[\/et_pb_text][et_pb_text _builder_version=\u00a0\u00bb4.14.7&Prime; _module_preset=\u00a0\u00bbdefault\u00a0\u00bb global_colors_info=\u00a0\u00bb{}\u00a0\u00bb]\u201cJe m&rsquo;appelle Bart et je conduis les grues sur camion de Montaco. Ce travail m&rsquo;attire plus que le travail de mes coll\u00e8gues qui doivent souvent travailler en hauteur. Je pr\u00e9f\u00e8re garder les pieds sur terre.<\/p>\n<p>Nous avons diff\u00e9rentes grues sur camion. Je peux tous les commander maintenant. Ce que j&rsquo;aime dans ce travail, c&rsquo;est la vari\u00e9t\u00e9. Un jour, je suis sur la route avec des \u00ab conteneurs bancaires \u00bb et l&rsquo;autre jour, je suis occup\u00e9 \u00e0 installer de grands panneaux de verre avec un entrepreneur.<\/p>\n<p>Les heures de travail sont moins r\u00e9guli\u00e8res que dans mon emploi pr\u00e9c\u00e9dent, mais tout est pay\u00e9 correctement.<\/p>\n<p>Chez Maes El\u00e9vateurs &amp; Montaco, le dispatching fait tout ce qu&rsquo;il peut pour organiser les choses correctement, mais parfois il y a aussi des appels urgents et nous devons \u00eatre l\u00e0 aussi. Parfois, je le compare \u00e0 un service de d\u00e9pannage, en tant que client, vous devriez toujours pouvoir compter sur cela.<\/p>\n<p>Le dipl\u00f4me ou la formation ne sont pas si importants pour nous, mais bien un permis de conduire C, du bon sens, des connaissances techniques et le sens des responsabilit\u00e9s. Car ne sous-estimez pas cette responsabilit\u00e9 lorsque tu es sur la route avec les machines ou lorsque tu dois man\u0153uvrer la grue. Ensuite, tu dois bien communiquer avec tes clients.<\/p>\n<p>La satisfaction apr\u00e8s le travail est l\u00e0 et ensuite tu rentres chez toi avec un bon sentiment.\u201d[\/et_pb_text][\/et_pb_column][\/et_pb_row][\/et_pb_section]<\/p>\n","protected":false},"excerpt":{"rendered":"<p>Travailler chez Maes<nav  aria-label=\"Fil d&#039;Ariane\"><ol class=\"breadcrumb\" itemscope itemtype=\"https:\/\/schema.org\/BreadcrumbList\"><li class=\"breadcrumb-item active\" aria-current=\"page\" itemprop=\"itemListElement\" itemscope itemtype=\"https:\/\/schema.org\/ListItem\"><span itemprop=\"name\">Accueil<\/span><meta itemprop=\"position\" content=\"1\"><\/li><\/ol><\/nav>Nos offres d&#8217;emploiOffres d&#8217;emploi chez Maes Hoogwerkers &amp; Montaco En tant que leader du levage et de la hauteur, nous recherchons r\u00e9guli\u00e8rement de nouveaux collaborateurs. Nous recherchons des profils techniques ainsi que du personnel administratif. Nous avons de la place pour des personnes de diff\u00e9rents horizons et de diff\u00e9rentes formations. L&rsquo;exp\u00e9rience n&rsquo;est g\u00e9n\u00e9ralement [&hellip;]<\/p>\n","protected":false},"author":1,"featured_media":283,"parent":0,"menu_order":0,"comment_status":"closed","ping_status":"closed","template":"","meta":{"_acf_changed":false,"_seopress_robots_primary_cat":"","_seopress_titles_title":"","_seopress_titles_desc":"","_seopress_robots_index":"","_et_pb_use_builder":"on","_et_pb_old_content":"","_et_gb_content_width":"","footnotes":""},"class_list":["post-2143","page","type-page","status-publish","has-post-thumbnail","hentry"],"acf":[],"_links":{"self":[{"href":"https:\/\/www.maeshoogwerkers.com\/fr\/wp-json\/wp\/v2\/pages\/2143","targetHints":{"allow":["GET"]}}],"collection":[{"href":"https:\/\/www.maeshoogwerkers.com\/fr\/wp-json\/wp\/v2\/pages"}],"about":[{"href":"https:\/\/www.maeshoogwerkers.com\/fr\/wp-json\/wp\/v2\/types\/page"}],"author":[{"embeddable":true,"href":"https:\/\/www.maeshoogwerkers.com\/fr\/wp-json\/wp\/v2\/users\/1"}],"replies":[{"embeddable":true,"href":"https:\/\/www.maeshoogwerkers.com\/fr\/wp-json\/wp\/v2\/comments?post=2143"}],"version-history":[{"count":5,"href":"https:\/\/www.maeshoogwerkers.com\/fr\/wp-json\/wp\/v2\/pages\/2143\/revisions"}],"predecessor-version":[{"id":2165,"href":"https:\/\/www.maeshoogwerkers.com\/fr\/wp-json\/wp\/v2\/pages\/2143\/revisions\/2165"}],"wp:featuredmedia":[{"embeddable":true,"href":"https:\/\/www.maeshoogwerkers.com\/fr\/wp-json\/wp\/v2\/media\/283"}],"wp:attachment":[{"href":"https:\/\/www.maeshoogwerkers.com\/fr\/wp-json\/wp\/v2\/media?parent=2143"}],"curies":[{"name":"wp","href":"https:\/\/api.w.org\/{rel}","templated":true}]}}