{"id":10662,"date":"2026-04-22T21:53:46","date_gmt":"2026-04-22T19:53:46","guid":{"rendered":"https:\/\/www.maeshoogwerkers.com\/politique-de-confidentialite\/"},"modified":"2026-04-22T21:53:49","modified_gmt":"2026-04-22T19:53:49","slug":"politique-de-confidentialite","status":"publish","type":"page","link":"https:\/\/www.maeshoogwerkers.com\/fr\/politique-de-confidentialite\/","title":{"rendered":"Politique de confidentialit\u00e9"},"content":{"rendered":"<p>[et_pb_section fb_built=\u00a0\u00bb1&Prime; admin_label=\u00a0\u00bbsection\u00a0\u00bb _builder_version=\u00a0\u00bb3.22&Prime; global_colors_info=\u00a0\u00bb{}\u00a0\u00bb theme_builder_area=\u00a0\u00bbpost_content\u00a0\u00bb][et_pb_row admin_label=\u00a0\u00bbrang\u00e9e\u00a0\u00bb _builder_version=\u00a0\u00bb3.25&Prime; background_size=\u00a0\u00bbinitial\u00a0\u00bb background_position=\u00a0\u00bbtop_left\u00a0\u00bb background_repeat=\u00a0\u00bbrepeat\u00a0\u00bb global_colors_info=\u00a0\u00bb{}\u00a0\u00bb theme_builder_area=\u00a0\u00bbpost_content\u00a0\u00bb][et_pb_column type=\u00a0\u00bb4_4&Prime; _builder_version=\u00a0\u00bb3.25&Prime; custom_padding=\u00a0\u00bb|||\u00a0\u00bb global_colors_info=\u00a0\u00bb{}\u00a0\u00bb custom_padding__hover=\u00a0\u00bb|||\u00a0\u00bb theme_builder_area=\u00a0\u00bbpost_content\u00a0\u00bb][et_pb_text _builder_version=\u00a0\u00bb3.27.4&Prime; global_colors_info=\u00a0\u00bb{}\u00a0\u00bb theme_builder_area=\u00a0\u00bbpost_content\u00a0\u00bb]<\/p>\n<h1>D\u00e9claration de confidentialit\u00e9<\/h1>\n<p>Ceci est la d\u00e9claration de confidentialit\u00e9 de Maes Hoogwerkers NV, situ\u00e9 \u00e0 2580 Beringen sur Beverlosesteenweg 100, www.maeshoogwerkers.com.<\/p>\n<p>[\/et_pb_text][\/et_pb_column][\/et_pb_row][et_pb_row _builder_version=\u00a0\u00bb3.25&Prime; background_size=\u00a0\u00bbinitial\u00a0\u00bb background_position=\u00a0\u00bbtop_left\u00a0\u00bb background_repeat=\u00a0\u00bbrepeat\u00a0\u00bb global_colors_info=\u00a0\u00bb{}\u00a0\u00bb theme_builder_area=\u00a0\u00bbpost_content\u00a0\u00bb][et_pb_column type=\u00a0\u00bb4_4&Prime; _builder_version=\u00a0\u00bb3.25&Prime; custom_padding=\u00a0\u00bb|||\u00a0\u00bb global_colors_info=\u00a0\u00bb{}\u00a0\u00bb custom_padding__hover=\u00a0\u00bb|||\u00a0\u00bb theme_builder_area=\u00a0\u00bbpost_content\u00a0\u00bb][et_pb_text _builder_version=\u00a0\u00bb3.27.4&Prime; global_colors_info=\u00a0\u00bb{}\u00a0\u00bb theme_builder_area=\u00a0\u00bbpost_content\u00a0\u00bb]<\/p>\n<h3>Applicabilit\u00e9<\/h3>\n<p>Cette d\u00e9claration de confidentialit\u00e9 s&rsquo;applique \u00e0 toutes les informations sensibles ou donn\u00e9es personnelles que vous nous fournissez, par exemple via un formulaire d&rsquo;inscription, un formulaire de contact ou des commandes que vous passez. Nous attachons une grande importance \u00e0 la vie priv\u00e9e de nos clients et prenons donc le plus grand soin possible dans le traitement et la protection des donn\u00e9es personnelles. Nous traitons les donn\u00e9es conform\u00e9ment aux conditions impos\u00e9es par le R\u00e8glement g\u00e9n\u00e9ral sur la protection des donn\u00e9es (RGPD). Maes Hoogwerkers NV est le responsable du traitement de vos donn\u00e9es personnelles au sens du RGPD. Cela signifie que nous sommes les seuls \u00e0 d\u00e9terminer quelles donn\u00e9es \u00e0 caract\u00e8re personnel sont trait\u00e9es, dans quel but et de quelle mani\u00e8re. Nous sommes responsables de veiller \u00e0 ce que vos donn\u00e9es \u00e0 caract\u00e8re personnel soient trait\u00e9es correctement et soigneusement, conform\u00e9ment \u00e0 la loi sur la protection des donn\u00e9es. Dans cette d\u00e9claration de confidentialit\u00e9, nous expliquons quelles donn\u00e9es nous traitons et \u00e0 quelles fins elles sont utilis\u00e9es.      <\/p>\n<p>[\/et_pb_text][\/et_pb_column][\/et_pb_row][et_pb_row _builder_version=\u00a0\u00bb3.25&Prime; global_colors_info=\u00a0\u00bb{}\u00a0\u00bb theme_builder_area=\u00a0\u00bbpost_content\u00a0\u00bb][et_pb_column type=\u00a0\u00bb4_4&Prime; _builder_version=\u00a0\u00bb3.25&Prime; custom_padding=\u00a0\u00bb|||\u00a0\u00bb global_colors_info=\u00a0\u00bb{}\u00a0\u00bb custom_padding__hover=\u00a0\u00bb|||\u00a0\u00bb theme_builder_area=\u00a0\u00bbpost_content\u00a0\u00bb][et_pb_text _builder_version=\u00a0\u00bb3.27.4&Prime; global_colors_info=\u00a0\u00bb{}\u00a0\u00bb theme_builder_area=\u00a0\u00bbpost_content\u00a0\u00bb]<\/p>\n<h3>Aper\u00e7u des donn\u00e9es personnelles<\/h3>\n<p>Vous trouverez ci-dessous un aper\u00e7u des donn\u00e9es personnelles que nous traitons :<\/p>\n<p>&nbsp;<\/p>\n<ul>\n<li>Pr\u00e9nom et nom<\/li>\n<li>Genre<\/li>\n<li>Date de naissance<\/li>\n<li>Lieu de naissance<\/li>\n<li>D\u00e9tails de l&rsquo;adresse<\/li>\n<li>Num\u00e9ro de t\u00e9l\u00e9phone<\/li>\n<li>Adresse \u00e9lectronique<\/li>\n<\/ul>\n<p>[\/et_pb_text][\/et_pb_column][\/et_pb_row][et_pb_row _builder_version=\u00a0\u00bb3.25&Prime; global_colors_info=\u00a0\u00bb{}\u00a0\u00bb theme_builder_area=\u00a0\u00bbpost_content\u00a0\u00bb][et_pb_column type=\u00a0\u00bb4_4&Prime; _builder_version=\u00a0\u00bb3.25&Prime; custom_padding=\u00a0\u00bb|||\u00a0\u00bb global_colors_info=\u00a0\u00bb{}\u00a0\u00bb custom_padding__hover=\u00a0\u00bb|||\u00a0\u00bb theme_builder_area=\u00a0\u00bbpost_content\u00a0\u00bb][et_pb_text _builder_version=\u00a0\u00bb3.27.4&Prime; global_colors_info=\u00a0\u00bb{}\u00a0\u00bb theme_builder_area=\u00a0\u00bbpost_content\u00a0\u00bb]<\/p>\n<p>Finalit\u00e9 et bases du traitement des donn\u00e9es \u00e0 caract\u00e8re personnel<\/p>\n<p>En acceptant la pr\u00e9sente d\u00e9claration de confidentialit\u00e9, vous consentez express\u00e9ment, au sens de l&rsquo;article 6, paragraphe 1, point a), de la loi sur la protection des donn\u00e9es, au traitement de vos donn\u00e9es \u00e0 caract\u00e8re personnel aux fins d\u00e9crites ci-dessous. Vous pouvez retirer ce consentement \u00e0 tout moment. Toutefois, si vous ne nous fournissez pas certaines donn\u00e9es ou si vous ne nous autorisez pas \u00e0 les traiter, il se peut que nous ne soyons pas en mesure de vous servir correctement.  <\/p>\n<p><span style=\"font-size: 14px;\"> <\/span><\/p>\n<p>Nous traitons vos donn\u00e9es personnelles aux fins suivantes :<\/p>\n<ul>\n<li>Traitement de votre paiement<\/li>\n<li>Envoi de notre lettre d&rsquo;information et\/ou de notre d\u00e9pliant publicitaire<\/li>\n<li>Pour pouvoir vous appeler ou vous envoyer un courrier \u00e9lectronique si cela est n\u00e9cessaire pour l&rsquo;ex\u00e9cution de nos services<\/li>\n<li>vous informer des modifications apport\u00e9es \u00e0 nos services et produits<\/li>\n<li>Vous permettre de cr\u00e9er un compte<\/li>\n<li>Pour vous fournir des biens et des services<\/li>\n<\/ul>\n<p>&nbsp;<\/p>\n<p>Nous ne conservons pas vos donn\u00e9es personnelles plus longtemps que ce qui est strictement n\u00e9cessaire pour atteindre les objectifs pour lesquels vos donn\u00e9es ont \u00e9t\u00e9 collect\u00e9es.<\/p>\n<p>[\/et_pb_text][\/et_pb_column][\/et_pb_row][et_pb_row _builder_version=\u00a0\u00bb3.25&Prime; global_colors_info=\u00a0\u00bb{}\u00a0\u00bb theme_builder_area=\u00a0\u00bbpost_content\u00a0\u00bb][et_pb_column type=\u00a0\u00bb4_4&Prime; _builder_version=\u00a0\u00bb3.25&Prime; custom_padding=\u00a0\u00bb|||\u00a0\u00bb global_colors_info=\u00a0\u00bb{}\u00a0\u00bb custom_padding__hover=\u00a0\u00bb|||\u00a0\u00bb theme_builder_area=\u00a0\u00bbpost_content\u00a0\u00bb][et_pb_text _builder_version=\u00a0\u00bb3.27.4&Prime; global_colors_info=\u00a0\u00bb{}\u00a0\u00bb theme_builder_area=\u00a0\u00bbpost_content\u00a0\u00bb]<\/p>\n<h3>Divulgation \u00e0 des tiers<\/h3>\n<p>Nous pouvons partager vos donn\u00e9es personnelles avec des tiers si cela est compatible avec les objectifs mentionn\u00e9s ci-dessus. La communication \u00e0 des tiers peut \u00eatre n\u00e9cessaire \u00e0 l&rsquo;ex\u00e9cution de l&rsquo;accord que nous concluons avec vous, \u00e0 la poursuite d&rsquo;un de nos int\u00e9r\u00eats l\u00e9gitimes ou au respect d&rsquo;une obligation l\u00e9gale qui nous incombe. Nous concluons un accord de traitement avec les soci\u00e9t\u00e9s qui traitent vos donn\u00e9es en notre nom afin de garantir le m\u00eame niveau de s\u00e9curit\u00e9 et de confidentialit\u00e9 de vos donn\u00e9es. Nous restons responsables de ces traitements. En dehors des situations susmentionn\u00e9es, nous ne fournissons vos donn\u00e9es personnelles \u00e0 d&rsquo;autres tiers qu&rsquo;avec votre consentement explicite.<br \/>\n[\/et_pb_text][\/et_pb_column][\/et_pb_row][et_pb_row _builder_version=\u00a0\u00bb3.25&Prime; global_colors_info=\u00a0\u00bb{}\u00a0\u00bb theme_builder_area=\u00a0\u00bbpost_content\u00a0\u00bb][et_pb_column type=\u00a0\u00bb4_4&Prime; _builder_version=\u00a0\u00bb3.25&Prime; custom_padding=\u00a0\u00bb|||\u00a0\u00bb global_colors_info=\u00a0\u00bb{}\u00a0\u00bb custom_padding__hover=\u00a0\u00bb|||\u00a0\u00bb theme_builder_area=\u00a0\u00bbpost_content\u00a0\u00bb][et_pb_text _builder_version=\u00a0\u00bb3.27.4&Prime; global_colors_info=\u00a0\u00bb{}\u00a0\u00bb theme_builder_area=\u00a0\u00bbpost_content\u00a0\u00bb]<\/p>\n<h3>Objectifs commerciaux<\/h3>\n<p>Nous pouvons utiliser vos donn\u00e9es personnelles \u00e0 des fins commerciales, par exemple pour vous informer davantage sur nos services ou sur des produits ou services pertinents d&rsquo;organisations soigneusement s\u00e9lectionn\u00e9es. Dans ce cas, vous ne serez inform\u00e9 qu&rsquo;\u00e0 l&rsquo;adresse \u00e9lectronique que vous avez enregistr\u00e9e. Si vous ne souhaitez pas recevoir d&rsquo;informations sur des produits ou services pertinents, il vous suffit de l&rsquo;indiquer en cliquant sur \u00ab\u00a0se d\u00e9sinscrire\u00a0\u00bb dans l&rsquo;e-mail re\u00e7u.  <\/p>\n<p>&nbsp;<\/p>\n<p>Nous utilisons \u00e9galement vos donn\u00e9es personnelles pour des \u00e9tudes de march\u00e9 et l&rsquo;optimisation de nos services. Dans ce contexte, vos donn\u00e9es personnelles sont anonymis\u00e9es et ne peuvent donc plus \u00eatre retrac\u00e9es jusqu&rsquo;\u00e0 vous. <\/p>\n<p>&nbsp;<\/p>\n<p>Vos donn\u00e9es ne seront pas vendues ou partag\u00e9es avec des tiers \u00e0 des fins commerciales, \u00e0 moins que vous ne donniez votre consentement explicite.<br \/>\n[\/et_pb_text][\/et_pb_column][\/et_pb_row][et_pb_row _builder_version=\u00a0\u00bb3.25&Prime; global_colors_info=\u00a0\u00bb{}\u00a0\u00bb theme_builder_area=\u00a0\u00bbpost_content\u00a0\u00bb][et_pb_column type=\u00a0\u00bb4_4&Prime; _builder_version=\u00a0\u00bb3.25&Prime; custom_padding=\u00a0\u00bb|||\u00a0\u00bb global_colors_info=\u00a0\u00bb{}\u00a0\u00bb custom_padding__hover=\u00a0\u00bb|||\u00a0\u00bb theme_builder_area=\u00a0\u00bbpost_content\u00a0\u00bb][et_pb_text _builder_version=\u00a0\u00bb3.27.4&Prime; global_colors_info=\u00a0\u00bb{}\u00a0\u00bb theme_builder_area=\u00a0\u00bbpost_content\u00a0\u00bb]<\/p>\n<h3>Cookies<\/h3>\n<p>Un cookie est un petit fichier texte qui est stock\u00e9 sur votre ordinateur, tablette ou smartphone lors de votre premi\u00e8re visite sur ce site web. Vous pouvez refuser ces cookies en param\u00e9trant votre navigateur Internet de mani\u00e8re \u00e0 ce qu&rsquo;il ne stocke plus de cookies.  En outre, vous pouvez \u00e9galement supprimer toutes les informations pr\u00e9c\u00e9demment stock\u00e9es via les param\u00e8tres de votre navigateur.<\/p>\n<p>&nbsp;<\/p>\n<p>Nous utilisons les cookies suivants :<\/p>\n<p>&nbsp;<\/p>\n<ul>\n<li>Cookies fonctionnels : il s&rsquo;agit de cookies n\u00e9cessaires au fonctionnement technique du site web et \u00e0 votre facilit\u00e9 d&rsquo;utilisation. Ils garantissent le bon fonctionnement du site web et, par exemple, se souviennent de vos pr\u00e9f\u00e9rences. Cela nous permet \u00e9galement d&rsquo;optimiser notre site web. Il s&rsquo;agit de cookies analytiques qui ne portent pas atteinte \u00e0 votre vie priv\u00e9e et pour lesquels nous ne demandons pas votre consentement pr\u00e9alable.<\/li>\n<\/ul>\n<ul>\n<li>Cookies de suivi : nous pla\u00e7ons des cookies qui suivent votre comportement de navigation afin de pouvoir vous proposer un contenu et des publicit\u00e9s adapt\u00e9s. Lors de votre premi\u00e8re visite sur notre site web, nous vous avons d\u00e9j\u00e0 inform\u00e9 de l&rsquo;existence de ces cookies et nous vous avons demand\u00e9 la permission de les installer. Vous pouvez refuser les cookies en param\u00e9trant votre navigateur Internet de mani\u00e8re \u00e0 ce qu&rsquo;il ne stocke plus de cookies. En outre, vous pouvez \u00e9galement supprimer toutes les informations pr\u00e9c\u00e9demment stock\u00e9es via les param\u00e8tres de votre navigateur.  <\/li>\n<li>Google Analytics : ce site Internet place des cookies de la soci\u00e9t\u00e9 am\u00e9ricaine Google, dans le cadre du service \u00ab\u00a0Analytics\u00a0\u00bb. Maes Hoogwerkers NV utilise ce service pour obtenir des rapports sur l&rsquo;utilisation du site web et pour mesurer sa qualit\u00e9 et son efficacit\u00e9. Nous utilisons Google Analytics de la mani\u00e8re prescrite par l&rsquo;Autorit\u00e9 de protection des donn\u00e9es personnelles afin de b\u00e9n\u00e9ficier de l&rsquo;exception pr\u00e9vue par la loi sur les cookies, ce qui signifie que nous n&rsquo;avons pas besoin de votre consentement pr\u00e9alable pour utiliser Google Analytics.<\/li>\n<\/ul>\n<p>[\/et_pb_text][\/et_pb_column][\/et_pb_row][et_pb_row _builder_version=\u00a0\u00bb3.25&Prime; global_colors_info=\u00a0\u00bb{}\u00a0\u00bb theme_builder_area=\u00a0\u00bbpost_content\u00a0\u00bb][et_pb_column type=\u00a0\u00bb4_4&Prime; _builder_version=\u00a0\u00bb3.25&Prime; custom_padding=\u00a0\u00bb|||\u00a0\u00bb global_colors_info=\u00a0\u00bb{}\u00a0\u00bb custom_padding__hover=\u00a0\u00bb|||\u00a0\u00bb theme_builder_area=\u00a0\u00bbpost_content\u00a0\u00bb][et_pb_text _builder_version=\u00a0\u00bb3.27.4&Prime; global_colors_info=\u00a0\u00bb{}\u00a0\u00bb theme_builder_area=\u00a0\u00bbpost_content\u00a0\u00bb]<\/p>\n<h3>Consulter, corriger ou supprimer<\/h3>\n<p>Vous avez le droit d&rsquo;acc\u00e9der \u00e0 vos donn\u00e9es personnelles, de les corriger ou de les supprimer. Vous avez \u00e9galement le droit de retirer votre \u00e9ventuel consentement au traitement des donn\u00e9es ou de vous opposer au traitement de vos donn\u00e9es personnelles. Vous avez le droit \u00e0 la portabilit\u00e9 des donn\u00e9es (\u00ab\u00a0portabilit\u00e9 des donn\u00e9es\u00a0\u00bb) si nous d\u00e9tenons des donn\u00e9es num\u00e9riques \u00e0 caract\u00e8re personnel que nous traitons avec votre consentement ou que nous traitons pour ex\u00e9cuter un accord que nous avons conclu avec vous.<\/p>\n<p>Cela signifie que vous pouvez nous demander d&rsquo;envoyer les donn\u00e9es num\u00e9riques personnelles que nous d\u00e9tenons \u00e0 votre sujet dans un fichier informatique lisible \u00e0 vous-m\u00eame ou \u00e0 une autre organisation que vous aurez d\u00e9sign\u00e9e.<\/p>\n<p>&nbsp;<\/p>\n<p>Vous pouvez envoyer une demande d&rsquo;acc\u00e8s, de correction, de suppression, de transfert de vos donn\u00e9es personnelles ou demander la r\u00e9vocation de votre consentement ou de votre objection au traitement de vos donn\u00e9es personnelles \u00e0 info@maeshoogwerkers.com.<\/p>\n<p>&nbsp;<\/p>\n<p>Afin de nous assurer que la demande de contr\u00f4le est bien de votre fait, nous vous demandons de joindre \u00e0 votre demande une copie de votre pi\u00e8ce d&rsquo;identit\u00e9. Sur cette copie, noircissez votre photo de passeport, la MRZ (zone de lecture automatique, la bande de chiffres au bas du passeport), le num\u00e9ro de passeport et le num\u00e9ro de service du citoyen (BSN). Ceci afin de prot\u00e9ger votre vie priv\u00e9e. Nous r\u00e9pondrons \u00e0 votre demande d\u00e8s que possible, mais dans un d\u00e9lai de quatre semaines.<\/p>\n<p>Nous vous informons \u00e9galement que vous avez la possibilit\u00e9 de d\u00e9poser une plainte aupr\u00e8s du r\u00e9gulateur national, l&rsquo;Autorit\u00e9 des donn\u00e9es personnelles.<\/p>\n<p>[\/et_pb_text][\/et_pb_column][\/et_pb_row][et_pb_row _builder_version=\u00a0\u00bb3.25&Prime; global_colors_info=\u00a0\u00bb{}\u00a0\u00bb theme_builder_area=\u00a0\u00bbpost_content\u00a0\u00bb][et_pb_column type=\u00a0\u00bb4_4&Prime; _builder_version=\u00a0\u00bb3.25&Prime; custom_padding=\u00a0\u00bb|||\u00a0\u00bb global_colors_info=\u00a0\u00bb{}\u00a0\u00bb custom_padding__hover=\u00a0\u00bb|||\u00a0\u00bb theme_builder_area=\u00a0\u00bbpost_content\u00a0\u00bb][et_pb_text _builder_version=\u00a0\u00bb3.27.4&Prime; global_colors_info=\u00a0\u00bb{}\u00a0\u00bb theme_builder_area=\u00a0\u00bbpost_content\u00a0\u00bb]<\/p>\n<h3>Contact<\/h3>\n<p>Nous prenons au s\u00e9rieux la protection de vos donn\u00e9es et prenons des mesures appropri\u00e9es pour lutter contre les abus, les pertes, les acc\u00e8s non autoris\u00e9s, les divulgations non d\u00e9sir\u00e9es et les modifications non autoris\u00e9es. Si vous avez l&rsquo;impression que vos donn\u00e9es ne sont pas correctement s\u00e9curis\u00e9es ou qu&rsquo;il y a des indications d&rsquo;abus, veuillez contacter notre service client\u00e8le ou info@maeshoogwerkers.com.<\/p>\n<p>[\/et_pb_text][\/et_pb_column][\/et_pb_row][\/et_pb_section]<\/p>\n","protected":false},"excerpt":{"rendered":"<p>D\u00e9claration de confidentialit\u00e9 Ceci est la d\u00e9claration de confidentialit\u00e9 de Maes Hoogwerkers NV, situ\u00e9 \u00e0 2580 Beringen sur Beverlosesteenweg 100, www.maeshoogwerkers.com.Applicabilit\u00e9 Cette d\u00e9claration de confidentialit\u00e9 s&rsquo;applique \u00e0 toutes les informations sensibles ou donn\u00e9es personnelles que vous nous fournissez, par exemple via un formulaire d&rsquo;inscription, un formulaire de contact ou des commandes que vous passez. Nous [&hellip;]<\/p>\n","protected":false},"author":1,"featured_media":0,"parent":0,"menu_order":0,"comment_status":"closed","ping_status":"closed","template":"","meta":{"_acf_changed":false,"_seopress_robots_primary_cat":"","_seopress_titles_title":"","_seopress_titles_desc":"","_seopress_robots_index":"","_et_pb_use_builder":"on","_et_pb_old_content":"","_et_gb_content_width":"","footnotes":""},"class_list":["post-10662","page","type-page","status-publish","hentry"],"acf":[],"_links":{"self":[{"href":"https:\/\/www.maeshoogwerkers.com\/fr\/wp-json\/wp\/v2\/pages\/10662","targetHints":{"allow":["GET"]}}],"collection":[{"href":"https:\/\/www.maeshoogwerkers.com\/fr\/wp-json\/wp\/v2\/pages"}],"about":[{"href":"https:\/\/www.maeshoogwerkers.com\/fr\/wp-json\/wp\/v2\/types\/page"}],"author":[{"embeddable":true,"href":"https:\/\/www.maeshoogwerkers.com\/fr\/wp-json\/wp\/v2\/users\/1"}],"replies":[{"embeddable":true,"href":"https:\/\/www.maeshoogwerkers.com\/fr\/wp-json\/wp\/v2\/comments?post=10662"}],"version-history":[{"count":6,"href":"https:\/\/www.maeshoogwerkers.com\/fr\/wp-json\/wp\/v2\/pages\/10662\/revisions"}],"predecessor-version":[{"id":10670,"href":"https:\/\/www.maeshoogwerkers.com\/fr\/wp-json\/wp\/v2\/pages\/10662\/revisions\/10670"}],"wp:attachment":[{"href":"https:\/\/www.maeshoogwerkers.com\/fr\/wp-json\/wp\/v2\/media?parent=10662"}],"curies":[{"name":"wp","href":"https:\/\/api.w.org\/{rel}","templated":true}]}}